{"id":94,"date":"2025-11-07T15:50:21","date_gmt":"2025-11-07T15:50:21","guid":{"rendered":"https:\/\/2026.cisai.com.pe\/?page_id=94"},"modified":"2025-11-07T17:19:36","modified_gmt":"2025-11-07T17:19:36","slug":"comite-organizador","status":"publish","type":"page","link":"https:\/\/2026.cisai.com.pe\/en\/comite-organizador\/","title":{"rendered":"Comit\u00e9 Organizador"},"content":{"rendered":"<div class=\"wp-block-post-content\" \n     style=\"max-width: 980px; margin: 0 auto; padding: 30px 40px; line-height: 1.6;\"><\/p>\n<p>  <!-- Descripci\u00f3n inicial --><\/p>\n<p style=\"text-align: justify;\">\n    El <strong>Comit\u00e9 Organizador<\/strong> est\u00e1 conformado por un equipo de profesionales e investigadores comprometidos con la excelencia acad\u00e9mica y la gesti\u00f3n cient\u00edfica del evento.<br \/>\n    Su labor abarca la planificaci\u00f3n estrat\u00e9gica, la coordinaci\u00f3n institucional y la articulaci\u00f3n de esfuerzos para asegurar el desarrollo exitoso de la conferencia,<br \/>\n    fortaleciendo la proyecci\u00f3n internacional y la calidad de sus resultados.\n  <\/p>\n<p>  <!-- Comit\u00e9 Honorario Internacional --><\/p>\n<h2 style=\"color:#03318C; margin-top:30px;\">Comit\u00e9 Honorario Internacional<\/h2>\n<h3 style=\"margin-top:15px;\">Presidente del Comit\u00e9 Honorario Internacional<\/h3>\n<p>\n    <a href=\"https:\/\/orcid.org\/0000-0002-8159-7560\" target=\"_blank\" rel=\"noopener noreferrer\" style=\"text-decoration:none; color:#000;\"><br \/>\n      <img loading=\"lazy\" decoding=\"async\" src=\"https:\/\/upload.wikimedia.org\/wikipedia\/commons\/thumb\/0\/06\/ORCID_iD.svg\/512px-ORCID_iD.svg.png?20190308043226\" \n           width=\"16\" height=\"16\" style=\"vertical-align:middle; margin-right:6px;\"><br \/>\n      <strong>Oscar Pe\u00f1a\u2013C\u00e1ceres<\/strong><br \/>\n    <\/a> (Universidad Tecnol\u00f3gica del Per\u00fa, Per\u00fa)\n  <\/p>\n<h3 style=\"margin-top:20px;\">Comit\u00e9 Honorario<\/h3>\n<p>\n    <a href=\"https:\/\/orcid.org\/0000-0003-1425-3394\" target=\"_blank\" rel=\"noopener noreferrer\" style=\"text-decoration:none; color:#000;\"><br \/>\n      <img loading=\"lazy\" decoding=\"async\" src=\"https:\/\/upload.wikimedia.org\/wikipedia\/commons\/thumb\/0\/06\/ORCID_iD.svg\/512px-ORCID_iD.svg.png?20190308043226\" \n           width=\"16\" height=\"16\" style=\"vertical-align:middle; margin-right:6px;\"><br \/>\n      <strong>Teresa Samaniego Cobo<\/strong><br \/>\n    <\/a> (Universidad Agraria del Ecuador, Ecuador)\n  <\/p>\n<p><strong>Autoridad UTP<\/strong> (Universidad Tecnol\u00f3gica del Per\u00fa, Per\u00fa)<\/p>\n<p>\n    <a href=\"https:\/\/orcid.org\/0000-0002-9928-8945\" target=\"_blank\" rel=\"noopener noreferrer\" style=\"text-decoration:none; color:#000;\"><br \/>\n      <img loading=\"lazy\" decoding=\"async\" src=\"https:\/\/upload.wikimedia.org\/wikipedia\/commons\/thumb\/0\/06\/ORCID_iD.svg\/512px-ORCID_iD.svg.png?20190308043226\" \n           width=\"16\" height=\"16\" style=\"vertical-align:middle; margin-right:6px;\"><br \/>\n      <strong>Henry Silva\u2013Marchan<\/strong><br \/>\n    <\/a> (Universidad Nacional de Tumbes, Per\u00fa)\n  <\/p>\n<p>\n    <a href=\"https:\/\/orcid.org\/0000-0002-5360-8832\" target=\"_blank\" rel=\"noopener noreferrer\" style=\"text-decoration:none; color:#000;\"><br \/>\n      <img loading=\"lazy\" decoding=\"async\" src=\"https:\/\/upload.wikimedia.org\/wikipedia\/commons\/thumb\/0\/06\/ORCID_iD.svg\/512px-ORCID_iD.svg.png?20190308043226\" \n           width=\"16\" height=\"16\" style=\"vertical-align:middle; margin-right:6px;\"><br \/>\n      <strong>Elvis Garay Silupu<\/strong><br \/>\n    <\/a> (International Journal of Computational Innovations, Intelligent Systems and AI, Per\u00fa)\n  <\/p>\n<p>\n    <a href=\"https:\/\/orcid.org\/0000-0002-8159-7560\" target=\"_blank\" rel=\"noopener noreferrer\" style=\"text-decoration:none; color:#000;\"><br \/>\n      <img loading=\"lazy\" decoding=\"async\" src=\"https:\/\/upload.wikimedia.org\/wikipedia\/commons\/thumb\/0\/06\/ORCID_iD.svg\/512px-ORCID_iD.svg.png?20190308043226\" \n           width=\"16\" height=\"16\" style=\"vertical-align:middle; margin-right:6px;\"><br \/>\n      <strong>Oscar Pe\u00f1a\u2013C\u00e1ceres<\/strong><br \/>\n    <\/a> (Universidad Tecnol\u00f3gica del Per\u00fa, Per\u00fa)\n  <\/p>\n<p>  <!-- Comit\u00e9 Organizador --><\/p>\n<h2 style=\"color:#03318C; margin-top:40px;\">Comit\u00e9 Organizador<\/h2>\n<h3 style=\"margin-top:15px;\">Presidente del Comit\u00e9 Organizador<\/h3>\n<p><strong>Por Definir UTP<\/strong> (Universidad Tecnol\u00f3gica del Per\u00fa, Per\u00fa)<\/p>\n<h3 style=\"margin-top:20px;\">Miembros del Comit\u00e9 Organizador<\/h3>\n<p>\n    <a href=\"https:\/\/orcid.org\/0000-0002-8159-7560\" target=\"_blank\" rel=\"noopener noreferrer\" style=\"text-decoration:none; color:#000;\"><br \/>\n      <img loading=\"lazy\" decoding=\"async\" src=\"https:\/\/upload.wikimedia.org\/wikipedia\/commons\/thumb\/0\/06\/ORCID_iD.svg\/512px-ORCID_iD.svg.png?20190308043226\" \n           width=\"16\" height=\"16\" style=\"vertical-align:middle; margin-right:6px;\"><br \/>\n      <strong>Oscar Pe\u00f1a\u2013C\u00e1ceres<\/strong><br \/>\n    <\/a> (Universidad Tecnol\u00f3gica del Per\u00fa, Per\u00fa)\n  <\/p>\n<p>\n    <a href=\"https:\/\/orcid.org\/0000-0002-9928-8945\" target=\"_blank\" rel=\"noopener noreferrer\" style=\"text-decoration:none; color:#000;\"><br \/>\n      <img loading=\"lazy\" decoding=\"async\" src=\"https:\/\/upload.wikimedia.org\/wikipedia\/commons\/thumb\/0\/06\/ORCID_iD.svg\/512px-ORCID_iD.svg.png?20190308043226\" \n           width=\"16\" height=\"16\" style=\"vertical-align:middle; margin-right:6px;\"><br \/>\n      <strong>Henry Silva\u2013Marchan<\/strong><br \/>\n    <\/a> (Universidad Nacional de Tumbes, Per\u00fa)\n  <\/p>\n<p>\n    <a href=\"https:\/\/orcid.org\/0000-0002-5360-8832\" target=\"_blank\" rel=\"noopener noreferrer\" style=\"text-decoration:none; color:#000;\"><br \/>\n      <img loading=\"lazy\" decoding=\"async\" src=\"https:\/\/upload.wikimedia.org\/wikipedia\/commons\/thumb\/0\/06\/ORCID_iD.svg\/512px-ORCID_iD.svg.png?20190308043226\" \n           width=\"16\" height=\"16\" style=\"vertical-align:middle; margin-right:6px;\"><br \/>\n      <strong>Elvis Garay Silupu<\/strong><br \/>\n    <\/a> (International Journal of Computational Innovations, Intelligent Systems and AI, Per\u00fa)\n  <\/p>\n<p>\n    <a href=\"https:\/\/orcid.org\/0000-0002-5602-8921\" target=\"_blank\" rel=\"noopener noreferrer\" style=\"text-decoration:none; color:#000;\"><br \/>\n      <img loading=\"lazy\" decoding=\"async\" src=\"https:\/\/upload.wikimedia.org\/wikipedia\/commons\/thumb\/0\/06\/ORCID_iD.svg\/512px-ORCID_iD.svg.png?20190308043226\" \n           width=\"16\" height=\"16\" style=\"vertical-align:middle; margin-right:6px;\"><br \/>\n      <strong>Rudy Espinoza Nima<\/strong><br \/>\n    <\/a> (Universidad Nacional de Piura, Per\u00fa)\n  <\/p>\n<p>\n    <a href=\"https:\/\/orcid.org\/0000-0001-7136-4774\" target=\"_blank\" rel=\"noopener noreferrer\" style=\"text-decoration:none; color:#000;\"><br \/>\n      <img loading=\"lazy\" decoding=\"async\" src=\"https:\/\/upload.wikimedia.org\/wikipedia\/commons\/thumb\/0\/06\/ORCID_iD.svg\/512px-ORCID_iD.svg.png?20190308043226\" \n           width=\"16\" height=\"16\" style=\"vertical-align:middle; margin-right:6px;\"><br \/>\n      <strong>Carlos Alberto Castro Carre\u00f1o<\/strong><br \/>\n    <\/a> (Universidad Tecnol\u00f3gica del Per\u00fa, Per\u00fa)\n  <\/p>\n<p>\n    <a href=\"https:\/\/orcid.org\/0000-0002-9148-4439\" target=\"_blank\" rel=\"noopener noreferrer\" style=\"text-decoration:none; color:#000;\"><br \/>\n      <img loading=\"lazy\" decoding=\"async\" src=\"https:\/\/upload.wikimedia.org\/wikipedia\/commons\/thumb\/0\/06\/ORCID_iD.svg\/512px-ORCID_iD.svg.png?20190308043226\" \n           width=\"16\" height=\"16\" style=\"vertical-align:middle; margin-right:6px;\"><br \/>\n      <strong>Te\u00f3filo Roberto Correa Calle<\/strong><br \/>\n    <\/a> (Universidad Tecnol\u00f3gica del Per\u00fa, Per\u00fa)\n  <\/p>\n<p>\n    <a href=\"https:\/\/orcid.org\/0009-0000-3571-2137\" target=\"_blank\" rel=\"noopener noreferrer\" style=\"text-decoration:none; color:#000;\"><br \/>\n      <img loading=\"lazy\" decoding=\"async\" src=\"https:\/\/upload.wikimedia.org\/wikipedia\/commons\/thumb\/0\/06\/ORCID_iD.svg\/512px-ORCID_iD.svg.png?20190308043226\" \n           width=\"16\" height=\"16\" style=\"vertical-align:middle; margin-right:6px;\"><br \/>\n      <strong>Bernardo Rivera Abad<\/strong><br \/>\n    <\/a> (Universidad Tecnol\u00f3gica del Per\u00fa, Per\u00fa)\n  <\/p>\n<p>\n    <a href=\"https:\/\/orcid.org\/0000-0001-5644-4776\" target=\"_blank\" rel=\"noopener noreferrer\" style=\"text-decoration:none; color:#000;\"><br \/>\n      <img loading=\"lazy\" decoding=\"async\" src=\"https:\/\/upload.wikimedia.org\/wikipedia\/commons\/thumb\/0\/06\/ORCID_iD.svg\/512px-ORCID_iD.svg.png?20190308043226\" \n           width=\"16\" height=\"16\" style=\"vertical-align:middle; margin-right:6px;\"><br \/>\n      <strong>Edy Javier Garc\u00eda C\u00f3rdova<\/strong><br \/>\n    <\/a> (Universidad Tecnol\u00f3gica del Per\u00fa, Per\u00fa)\n  <\/p>\n<p>\n    <a href=\"https:\/\/orcid.org\/0009-0003-1827-2805\" target=\"_blank\" rel=\"noopener noreferrer\" style=\"text-decoration:none; color:#000;\"><br \/>\n      <img loading=\"lazy\" decoding=\"async\" src=\"https:\/\/upload.wikimedia.org\/wikipedia\/commons\/thumb\/0\/06\/ORCID_iD.svg\/512px-ORCID_iD.svg.png?20190308043226\" \n           width=\"16\" height=\"16\" style=\"vertical-align:middle; margin-right:6px;\"><br \/>\n      <strong>Omar Sernaque Ruiz<\/strong><br \/>\n    <\/a> (International Journal of Computational Innovations, Intelligent Systems and AI, Per\u00fa)\n  <\/p>\n<p>\n    <a href=\"https:\/\/orcid.org\/0009-0001-7010-5508\" target=\"_blank\" rel=\"noopener noreferrer\" style=\"text-decoration:none; color:#000;\"><br \/>\n      <img loading=\"lazy\" decoding=\"async\" src=\"https:\/\/upload.wikimedia.org\/wikipedia\/commons\/thumb\/0\/06\/ORCID_iD.svg\/512px-ORCID_iD.svg.png?20190308043226\" \n           width=\"16\" height=\"16\" style=\"vertical-align:middle; margin-right:6px;\"><br \/>\n      <strong>Miguel Valverde Macalup\u00fa<\/strong><br \/>\n    <\/a> (International Journal of Computational Innovations, Intelligent Systems and AI, Per\u00fa)\n  <\/p>\n<h3 style=\"margin-top:20px;\">Coordinador de Comunicaci\u00f3n Cient\u00edfica<\/h3>\n<p>\n    <a href=\"https:\/\/orcid.org\/0000-0002-5602-8921\" target=\"_blank\" rel=\"noopener noreferrer\" style=\"text-decoration:none; color:#000;\"><br \/>\n      <img loading=\"lazy\" decoding=\"async\" src=\"https:\/\/upload.wikimedia.org\/wikipedia\/commons\/thumb\/0\/06\/ORCID_iD.svg\/512px-ORCID_iD.svg.png?20190308043226\" \n           width=\"16\" height=\"16\" style=\"vertical-align:middle; margin-right:6px;\"><br \/>\n      <strong>Rudy Espinoza Nima<\/strong><br \/>\n    <\/a> (Universidad Nacional de Piura, Per\u00fa)\n  <\/p>\n<\/div>","protected":false},"excerpt":{"rendered":"<p>El Comit\u00e9 Organizador est\u00e1 conformado por un equipo de profesionales e investigadores comprometidos con la excelencia acad\u00e9mica y la gesti\u00f3n cient\u00edfica del evento. Su labor abarca la planificaci\u00f3n estrat\u00e9gica, la coordinaci\u00f3n institucional y la articulaci\u00f3n de esfuerzos para asegurar el desarrollo exitoso de la conferencia, fortaleciendo la proyecci\u00f3n internacional y la calidad de sus resultados. [&hellip;]<\/p>","protected":false},"author":1,"featured_media":0,"parent":0,"menu_order":0,"comment_status":"closed","ping_status":"closed","template":"","meta":{"pagelayer_contact_templates":[],"_pagelayer_content":"","footnotes":""},"class_list":["post-94","page","type-page","status-publish","hentry"],"_links":{"self":[{"href":"https:\/\/2026.cisai.com.pe\/en\/wp-json\/wp\/v2\/pages\/94","targetHints":{"allow":["GET"]}}],"collection":[{"href":"https:\/\/2026.cisai.com.pe\/en\/wp-json\/wp\/v2\/pages"}],"about":[{"href":"https:\/\/2026.cisai.com.pe\/en\/wp-json\/wp\/v2\/types\/page"}],"author":[{"embeddable":true,"href":"https:\/\/2026.cisai.com.pe\/en\/wp-json\/wp\/v2\/users\/1"}],"replies":[{"embeddable":true,"href":"https:\/\/2026.cisai.com.pe\/en\/wp-json\/wp\/v2\/comments?post=94"}],"version-history":[{"count":18,"href":"https:\/\/2026.cisai.com.pe\/en\/wp-json\/wp\/v2\/pages\/94\/revisions"}],"predecessor-version":[{"id":126,"href":"https:\/\/2026.cisai.com.pe\/en\/wp-json\/wp\/v2\/pages\/94\/revisions\/126"}],"wp:attachment":[{"href":"https:\/\/2026.cisai.com.pe\/en\/wp-json\/wp\/v2\/media?parent=94"}],"curies":[{"name":"wp","href":"https:\/\/api.w.org\/{rel}","templated":true}]}}