{"id":87,"date":"2025-11-07T15:48:25","date_gmt":"2025-11-07T15:48:25","guid":{"rendered":"https:\/\/2026.cisai.com.pe\/?page_id=87"},"modified":"2025-11-10T11:00:04","modified_gmt":"2025-11-10T11:00:04","slug":"comite-internacional-de-revisores","status":"publish","type":"page","link":"https:\/\/2026.cisai.com.pe\/en\/comite-internacional-de-revisores\/","title":{"rendered":"Comit\u00e9 Internacional de Revisores"},"content":{"rendered":"<div class=\"wp-block-post-content\" \n     style=\"max-width: 940px; margin: 0 auto; padding: 25px 30px; line-height: 1.6;\"><\/p>\n<p style=\"text-align: justify;\">\n    El <strong>Comit\u00e9 Internacional de Revisores<\/strong> est\u00e1 conformado por destacados investigadores y acad\u00e9micos de reconocidas universidades e instituciones internacionales.<br \/>\n    Su experiencia y compromiso garantizan la rigurosidad cient\u00edfica, la calidad metodol\u00f3gica y la relevancia acad\u00e9mica de las contribuciones presentadas en el congreso.\n  <\/p>\n<h2 style=\"color:#03318C; margin-top:30px;\">Comit\u00e9 Internacional de Revisores<\/h2>\n<div style=\"display: flex; flex-direction: column; gap: 8px; margin-top: 25px;\">\n<div><a href=\"https:\/\/orcid.org\/0000-0001-8599-0776\" target=\"_blank\" style=\"text-decoration:none; color:#000;\"><br \/>\n      <img loading=\"lazy\" decoding=\"async\" src=\"https:\/\/upload.wikimedia.org\/wikipedia\/commons\/thumb\/0\/06\/ORCID_iD.svg\/512px-ORCID_iD.svg.png?20190308043226\" width=\"16\" height=\"16\" style=\"vertical-align:middle; margin-right:6px;\"><strong>Gislaine Camila Lapasini Leal<\/strong><\/a> (Universidade Estadual de Maring\u00e1, Brasil)<\/div>\n<div><a href=\"https:\/\/orcid.org\/0000-0001-6279-7033\" target=\"_blank\" style=\"text-decoration:none; color:#000;\"><img loading=\"lazy\" decoding=\"async\" src=\"https:\/\/upload.wikimedia.org\/wikipedia\/commons\/thumb\/0\/06\/ORCID_iD.svg\/512px-ORCID_iD.svg.png?20190308043226\" width=\"16\" height=\"16\" style=\"vertical-align:middle; margin-right:6px;\"><strong>Eliana Maria Villa Enciso<\/strong><\/a> (Instituto Tecnol\u00f3gico Metropolitano, Colombia)<\/div>\n<div><a href=\"https:\/\/orcid.org\/0000-0002-9130-184X\" target=\"_blank\" style=\"text-decoration:none; color:#000;\"><img loading=\"lazy\" decoding=\"async\" src=\"https:\/\/upload.wikimedia.org\/wikipedia\/commons\/thumb\/0\/06\/ORCID_iD.svg\/512px-ORCID_iD.svg.png?20190308043226\" width=\"16\" height=\"16\" style=\"vertical-align:middle; margin-right:6px;\"><strong>H\u00e9ctor Cornide Reyes<\/strong><\/a> (Universidad de Atacama, Chile)<\/div>\n<div><a href=\"https:\/\/orcid.org\/0000-0002-9928-9945\" target=\"_blank\" style=\"text-decoration:none; color:#000;\"><img loading=\"lazy\" decoding=\"async\" src=\"https:\/\/upload.wikimedia.org\/wikipedia\/commons\/thumb\/0\/06\/ORCID_iD.svg\/512px-ORCID_iD.svg.png?20190308043226\" width=\"16\" height=\"16\" style=\"vertical-align:middle; margin-right:6px;\"><strong>Henry Silva-Marchan<\/strong><\/a> (Universidad Nacional de Tumbes, Per\u00fa)<\/div>\n<div><a href=\"https:\/\/orcid.org\/0000-0003-1425-3394\" target=\"_blank\" style=\"text-decoration:none; color:#000;\"><img loading=\"lazy\" decoding=\"async\" src=\"https:\/\/upload.wikimedia.org\/wikipedia\/commons\/thumb\/0\/06\/ORCID_iD.svg\/512px-ORCID_iD.svg.png?20190308043226\" width=\"16\" height=\"16\" style=\"vertical-align:middle; margin-right:6px;\"><strong>Teresa Samaniego Cobo<\/strong><\/a> (Universidad Agraria del Ecuador, Ecuador)<\/div>\n<div><a href=\"https:\/\/orcid.org\/0000-0001-6721-620X\" target=\"_blank\" style=\"text-decoration:none; color:#000;\"><img loading=\"lazy\" decoding=\"async\" src=\"https:\/\/upload.wikimedia.org\/wikipedia\/commons\/thumb\/0\/06\/ORCID_iD.svg\/512px-ORCID_iD.svg.png?20190308043226\" width=\"16\" height=\"16\" style=\"vertical-align:middle; margin-right:6px;\"><strong>Darwin Ebert Aguilar Chuquizuta<\/strong><\/a> (Universidad Nacional de Tumbes, Per\u00fa)<\/div>\n<div><a href=\"https:\/\/orcid.org\/0000-0001-5957-914X\" target=\"_blank\" style=\"text-decoration:none; color:#000;\"><img loading=\"lazy\" decoding=\"async\" src=\"https:\/\/upload.wikimedia.org\/wikipedia\/commons\/thumb\/0\/06\/ORCID_iD.svg\/512px-ORCID_iD.svg.png?20190308043226\" width=\"16\" height=\"16\" style=\"vertical-align:middle; margin-right:6px;\"><strong>Charles Miguel P\u00e9rez Espinoza<\/strong><\/a> (Universidad Agraria del Ecuador, Ecuador)<\/div>\n<div><a href=\"https:\/\/orcid.org\/0000-0002-9148-4439\" target=\"_blank\" style=\"text-decoration:none; color:#000;\"><img loading=\"lazy\" decoding=\"async\" src=\"https:\/\/upload.wikimedia.org\/wikipedia\/commons\/thumb\/0\/06\/ORCID_iD.svg\/512px-ORCID_iD.svg.png?20190308043226\" width=\"16\" height=\"16\" style=\"vertical-align:middle; margin-right:6px;\"><strong>Te\u00f3filo Roberto Correa Calle<\/strong><\/a> (Universidad Tecnol\u00f3gica del Per\u00fa, Per\u00fa)<\/div>\n<div><a href=\"https:\/\/orcid.org\/0000-0002-5360-8832\" target=\"_blank\" style=\"text-decoration:none; color:#000;\"><img loading=\"lazy\" decoding=\"async\" src=\"https:\/\/upload.wikimedia.org\/wikipedia\/commons\/thumb\/0\/06\/ORCID_iD.svg\/512px-ORCID_iD.svg.png?20190308043226\" width=\"16\" height=\"16\" style=\"vertical-align:middle; margin-right:6px;\"><strong>Elvis Garay Silupu<\/strong><\/a> (International Journal of Computational Innovations, Intelligent Systems and AI, Per\u00fa)<\/div>\n<div><a href=\"https:\/\/orcid.org\/0000-0002-7749-9247\" target=\"_blank\" style=\"text-decoration:none; color:#000;\"><img loading=\"lazy\" decoding=\"async\" src=\"https:\/\/upload.wikimedia.org\/wikipedia\/commons\/thumb\/0\/06\/ORCID_iD.svg\/512px-ORCID_iD.svg.png?20190308043226\" width=\"16\" height=\"16\" style=\"vertical-align:middle; margin-right:6px;\"><strong>V\u00edctor Ram\u00edrez Ordinola<\/strong><\/a> (Universidad Nacional de Piura, Per\u00fa)<\/div>\n<div><a href=\"https:\/\/orcid.org\/0000-0002-0495-2805\" target=\"_blank\" style=\"text-decoration:none; color:#000;\"><img loading=\"lazy\" decoding=\"async\" src=\"https:\/\/upload.wikimedia.org\/wikipedia\/commons\/thumb\/0\/06\/ORCID_iD.svg\/512px-ORCID_iD.svg.png?20190308043226\" width=\"16\" height=\"16\" style=\"vertical-align:middle; margin-right:6px;\"><strong>Carmen Margarita Mar\u00edn G\u00f3mez<\/strong><\/a> (Universidad Pedag\u00f3gica Experimental Libertador, Venezuela)<\/div>\n<div><a href=\"https:\/\/orcid.org\/0000-0002-4031-6275\" target=\"_blank\" style=\"text-decoration:none; color:#000;\"><img loading=\"lazy\" decoding=\"async\" src=\"https:\/\/upload.wikimedia.org\/wikipedia\/commons\/thumb\/0\/06\/ORCID_iD.svg\/512px-ORCID_iD.svg.png?20190308043226\" width=\"16\" height=\"16\" style=\"vertical-align:middle; margin-right:6px;\"><strong>Raul Benites Paradeda<\/strong><\/a> (Universidade do Estado do Rio Grande do Norte, Brasil)<\/div>\n<div><a href=\"https:\/\/orcid.org\/0000-0003-1149-0976\" target=\"_blank\" style=\"text-decoration:none; color:#000;\"><img loading=\"lazy\" decoding=\"async\" src=\"https:\/\/upload.wikimedia.org\/wikipedia\/commons\/thumb\/0\/06\/ORCID_iD.svg\/512px-ORCID_iD.svg.png?20190308043226\" width=\"16\" height=\"16\" style=\"vertical-align:middle; margin-right:6px;\"><strong>Claudia Pons<\/strong><\/a> (Universidad Nacional de La Plata, Argentina)<\/div>\n<div><a href=\"https:\/\/orcid.org\/0000-0003-1195-3379\" target=\"_blank\" style=\"text-decoration:none; color:#000;\"><img loading=\"lazy\" decoding=\"async\" src=\"https:\/\/upload.wikimedia.org\/wikipedia\/commons\/thumb\/0\/06\/ORCID_iD.svg\/512px-ORCID_iD.svg.png?20190308043226\" width=\"16\" height=\"16\" style=\"vertical-align:middle; margin-right:6px;\"><strong>Juan Camilo Tejada Orjuela<\/strong><\/a> (Universidad Iberoamericana Ciudad de M\u00e9xico, M\u00e9xico)<\/div>\n<div><a href=\"https:\/\/orcid.org\/0000-0001-6243-219X\" target=\"_blank\" style=\"text-decoration:none; color:#000;\"><img loading=\"lazy\" decoding=\"async\" src=\"https:\/\/upload.wikimedia.org\/wikipedia\/commons\/thumb\/0\/06\/ORCID_iD.svg\/512px-ORCID_iD.svg.png?20190308043226\" width=\"16\" height=\"16\" style=\"vertical-align:middle; margin-right:6px;\"><strong>Emilio Isaac Baungarten-Leon<\/strong><\/a> (Centro de Investigaci\u00f3n y de Estudios Avanzados del IPN, M\u00e9xico)<\/div>\n<div><a href=\"https:\/\/orcid.org\/0000-0002-4945-4324\" target=\"_blank\" style=\"text-decoration:none; color:#000;\"><img loading=\"lazy\" decoding=\"async\" src=\"https:\/\/upload.wikimedia.org\/wikipedia\/commons\/thumb\/0\/06\/ORCID_iD.svg\/512px-ORCID_iD.svg.png?20190308043226\" width=\"16\" height=\"16\" style=\"vertical-align:middle; margin-right:6px;\"><strong>Adriana Delpilar Noguera Torres<\/strong><\/a> (Universidad Nacional Abierta y a Distancia, Colombia)<\/div>\n<div><a href=\"https:\/\/orcid.org\/0000-0002-5692-5673\" target=\"_blank\" style=\"text-decoration:none; color:#000;\"><img loading=\"lazy\" decoding=\"async\" src=\"https:\/\/upload.wikimedia.org\/wikipedia\/commons\/thumb\/0\/06\/ORCID_iD.svg\/512px-ORCID_iD.svg.png?20190308043226\" width=\"16\" height=\"16\" style=\"vertical-align:middle; margin-right:6px;\"><strong>David Zabala Blanco<\/strong><\/a> (Universidad Cat\u00f3lica del Maule, Chile)<\/div>\n<div><a href=\"https:\/\/orcid.org\/0000-0001-7395-7952\" target=\"_blank\" style=\"text-decoration:none; color:#000;\"><img loading=\"lazy\" decoding=\"async\" src=\"https:\/\/upload.wikimedia.org\/wikipedia\/commons\/thumb\/0\/06\/ORCID_iD.svg\/512px-ORCID_iD.svg.png?20190308043226\" width=\"16\" height=\"16\" style=\"vertical-align:middle; margin-right:6px;\"><strong>Johann Alexis Ospina Galindez<\/strong><\/a> (Universidad Aut\u00f3noma de Occidente, Colombia)<\/div>\n<div><a href=\"https:\/\/orcid.org\/0000-0001-5658-7558\" target=\"_blank\" style=\"text-decoration:none; color:#000;\"><img loading=\"lazy\" decoding=\"async\" src=\"https:\/\/upload.wikimedia.org\/wikipedia\/commons\/thumb\/0\/06\/ORCID_iD.svg\/512px-ORCID_iD.svg.png?20190308043226\" width=\"16\" height=\"16\" style=\"vertical-align:middle; margin-right:6px;\"><strong>Fernando Pablo Fuentes Pe\u00f1ailillo<\/strong><\/a> (Universidad de Talca, Chile)<\/div>\n<div><a href=\"https:\/\/orcid.org\/0000-0001-9508-9818\" target=\"_blank\" style=\"text-decoration:none; color:#000;\"><img loading=\"lazy\" decoding=\"async\" src=\"https:\/\/upload.wikimedia.org\/wikipedia\/commons\/thumb\/0\/06\/ORCID_iD.svg\/512px-ORCID_iD.svg.png?20190308043226\" width=\"16\" height=\"16\" style=\"vertical-align:middle; margin-right:6px;\"><strong>Mario Andr\u00e9s Paredes Valverde<\/strong><\/a> (Instituto Tecnol\u00f3gico Superior de Teziutl\u00e1n, M\u00e9xico)<\/div>\n<div><a href=\"https:\/\/orcid.org\/0000-0003-1286-3244\" target=\"_blank\" style=\"text-decoration:none; color:#000;\"><img loading=\"lazy\" decoding=\"async\" src=\"https:\/\/upload.wikimedia.org\/wikipedia\/commons\/thumb\/0\/06\/ORCID_iD.svg\/512px-ORCID_iD.svg.png?20190308043226\" width=\"16\" height=\"16\" style=\"vertical-align:middle; margin-right:6px;\"><strong>Jaime D\u00edaz-Arancibia<\/strong><\/a> (Universidad de La Frontera, Chile)<\/div>\n<div><a href=\"https:\/\/orcid.org\/0000-0003-0266-2465\" target=\"_blank\" style=\"text-decoration:none; color:#000;\"><img loading=\"lazy\" decoding=\"async\" src=\"https:\/\/upload.wikimedia.org\/wikipedia\/commons\/thumb\/0\/06\/ORCID_iD.svg\/512px-ORCID_iD.svg.png?20190308043226\" width=\"16\" height=\"16\" style=\"vertical-align:middle; margin-right:6px;\"><strong>Henry Oswaldo Velesaca Lara<\/strong><\/a> (Escuela Superior Polit\u00e9cnica del Litoral, Ecuador)<\/div>\n<div><a href=\"https:\/\/orcid.org\/0000-0003-4231-2267\" target=\"_blank\" style=\"text-decoration:none; color:#000;\"><img loading=\"lazy\" decoding=\"async\" src=\"https:\/\/upload.wikimedia.org\/wikipedia\/commons\/thumb\/0\/06\/ORCID_iD.svg\/512px-ORCID_iD.svg.png?20190308043226\" width=\"16\" height=\"16\" style=\"vertical-align:middle; margin-right:6px;\"><strong>N\u00e9stor Diego Rivera Campoverde<\/strong><\/a> (Universidad Polit\u00e9cnica Salesiana, Ecuador)<\/div>\n<div><a href=\"https:\/\/orcid.org\/0000-0003-4210-0117\" target=\"_blank\" style=\"text-decoration:none; color:#000;\"><img loading=\"lazy\" decoding=\"async\" src=\"https:\/\/upload.wikimedia.org\/wikipedia\/commons\/thumb\/0\/06\/ORCID_iD.svg\/512px-ORCID_iD.svg.png?20190308043226\" width=\"16\" height=\"16\" style=\"vertical-align:middle; margin-right:6px;\"><strong>Patricia Acosta-Vargas<\/strong><\/a> (Universidad de las Am\u00e9ricas, Ecuador)<\/div>\n<div><a href=\"https:\/\/orcid.org\/0000-0002-7600-6041\" target=\"_blank\" style=\"text-decoration:none; color:#000;\"><img loading=\"lazy\" decoding=\"async\" src=\"https:\/\/upload.wikimedia.org\/wikipedia\/commons\/thumb\/0\/06\/ORCID_iD.svg\/512px-ORCID_iD.svg.png?20190308043226\" width=\"16\" height=\"16\" style=\"vertical-align:middle; margin-right:6px;\"><strong>Andr\u00e9s Rodr\u00edguez<\/strong><\/a> (Universidad Nacional de La Plata, Argentina)<\/div>\n<div><a href=\"https:\/\/orcid.org\/0000-0002-4187-9352\" target=\"_blank\" style=\"text-decoration:none; color:#000;\"><img loading=\"lazy\" decoding=\"async\" src=\"https:\/\/upload.wikimedia.org\/wikipedia\/commons\/thumb\/0\/06\/ORCID_iD.svg\/512px-ORCID_iD.svg.png?20190308043226\" width=\"16\" height=\"16\" style=\"vertical-align:middle; margin-right:6px;\"><strong>Juan Arturo Nolazco Flores<\/strong><\/a> (Instituto Tecnol\u00f3gico y de Estudios Superiores de Monterrey, M\u00e9xico)<\/div>\n<div><a href=\"https:\/\/orcid.org\/0000-0003-4143-2515\" target=\"_blank\" style=\"text-decoration:none; color:#000;\"><img loading=\"lazy\" decoding=\"async\" src=\"https:\/\/upload.wikimedia.org\/wikipedia\/commons\/thumb\/0\/06\/ORCID_iD.svg\/512px-ORCID_iD.svg.png?20190308043226\" width=\"16\" height=\"16\" style=\"vertical-align:middle; margin-right:6px;\"><strong>Angel Jaramillo-Alc\u00e1zar<\/strong><\/a> (Universidad de las Am\u00e9ricas, Ecuador)<\/div>\n<div><a href=\"https:\/\/orcid.org\/0000-0002-0272-3275\" target=\"_blank\" style=\"text-decoration:none; color:#000;\"><img loading=\"lazy\" decoding=\"async\" src=\"https:\/\/upload.wikimedia.org\/wikipedia\/commons\/thumb\/0\/06\/ORCID_iD.svg\/512px-ORCID_iD.svg.png?20190308043226\" width=\"16\" height=\"16\" style=\"vertical-align:middle; margin-right:6px;\"><strong>Carolina Del-Valle-Soto<\/strong><\/a> (Universidad Panamericana, M\u00e9xico)<\/div>\n<div><a href=\"https:\/\/orcid.org\/0000-0001-8609-0681\" target=\"_blank\" style=\"text-decoration:none; color:#000;\"><img loading=\"lazy\" decoding=\"async\" src=\"https:\/\/upload.wikimedia.org\/wikipedia\/commons\/thumb\/0\/06\/ORCID_iD.svg\/512px-ORCID_iD.svg.png?20190308043226\" width=\"16\" height=\"16\" style=\"vertical-align:middle; margin-right:6px;\"><strong>Leonel Paredes Madrid<\/strong><\/a> (Universidad Antonio Nari\u00f1o, Colombia)<\/div>\n<div><a href=\"https:\/\/orcid.org\/0000-0003-1958-7289\" target=\"_blank\" style=\"text-decoration:none; color:#000;\"><img loading=\"lazy\" decoding=\"async\" src=\"https:\/\/upload.wikimedia.org\/wikipedia\/commons\/thumb\/0\/06\/ORCID_iD.svg\/512px-ORCID_iD.svg.png?20190308043226\" width=\"16\" height=\"16\" style=\"vertical-align:middle; margin-right:6px;\"><strong>John Kern Molina<\/strong><\/a> (Universidad de Santiago de Chile, Chile)<\/div>\n<div><a href=\"https:\/\/orcid.org\/0000-0003-1081-5652\" target=\"_blank\" style=\"text-decoration:none; color:#000;\"><img loading=\"lazy\" decoding=\"async\" src=\"https:\/\/upload.wikimedia.org\/wikipedia\/commons\/thumb\/0\/06\/ORCID_iD.svg\/512px-ORCID_iD.svg.png?20190308043226\" width=\"16\" height=\"16\" style=\"vertical-align:middle; margin-right:6px;\"><strong>Josselyn Pita-Valencia<\/strong><\/a> (Universidad T\u00e9cnica de Manab\u00ed, Ecuador)<\/div>\n<div><a href=\"https:\/\/orcid.org\/0000-0003-1578-4779\" target=\"_blank\" style=\"text-decoration:none; color:#000;\"><img loading=\"lazy\" decoding=\"async\" src=\"https:\/\/upload.wikimedia.org\/wikipedia\/commons\/thumb\/0\/06\/ORCID_iD.svg\/512px-ORCID_iD.svg.png?20190308043226\" width=\"16\" height=\"16\" style=\"vertical-align:middle; margin-right:6px;\"><strong>Diana-Carmen Rodr\u00edguez-Lira<\/strong><\/a> (Universidad Aut\u00f3noma de Quer\u00e9taro, M\u00e9xico)<\/div>\n<div><a href=\"https:\/\/orcid.org\/0000-0002-5617-6836\" target=\"_blank\" style=\"text-decoration:none; color:#000;\"><img loading=\"lazy\" decoding=\"async\" src=\"https:\/\/upload.wikimedia.org\/wikipedia\/commons\/thumb\/0\/06\/ORCID_iD.svg\/512px-ORCID_iD.svg.png?20190308043226\" width=\"16\" height=\"16\" style=\"vertical-align:middle; margin-right:6px;\"><strong>Marcos Guerrero-Zambrano<\/strong><\/a> (Universidad Estatal de Milagro, Ecuador)<\/div>\n<div><a href=\"https:\/\/orcid.org\/0000-0002-9055-5792\" target=\"_blank\" style=\"text-decoration:none; color:#000;\"><img loading=\"lazy\" decoding=\"async\" src=\"https:\/\/upload.wikimedia.org\/wikipedia\/commons\/thumb\/0\/06\/ORCID_iD.svg\/512px-ORCID_iD.svg.png?20190308043226\" width=\"16\" height=\"16\" style=\"vertical-align:middle; margin-right:6px;\"><strong>Mauricio Rojas Contreras<\/strong><\/a> (Universidad de Pamplona, Colombia)<\/div>\n<\/p><\/div>\n<\/div>","protected":false},"excerpt":{"rendered":"<p>El Comit\u00e9 Internacional de Revisores est\u00e1 conformado por destacados investigadores y acad\u00e9micos de reconocidas universidades e instituciones internacionales. Su experiencia y compromiso garantizan la rigurosidad cient\u00edfica, la calidad metodol\u00f3gica y la relevancia acad\u00e9mica de las contribuciones presentadas en el congreso. Comit\u00e9 Internacional de Revisores Gislaine Camila Lapasini Leal (Universidade Estadual de Maring\u00e1, Brasil) Eliana Maria [&hellip;]<\/p>","protected":false},"author":1,"featured_media":0,"parent":0,"menu_order":0,"comment_status":"closed","ping_status":"closed","template":"","meta":{"pagelayer_contact_templates":[],"_pagelayer_content":"","footnotes":""},"class_list":["post-87","page","type-page","status-publish","hentry"],"_links":{"self":[{"href":"https:\/\/2026.cisai.com.pe\/en\/wp-json\/wp\/v2\/pages\/87","targetHints":{"allow":["GET"]}}],"collection":[{"href":"https:\/\/2026.cisai.com.pe\/en\/wp-json\/wp\/v2\/pages"}],"about":[{"href":"https:\/\/2026.cisai.com.pe\/en\/wp-json\/wp\/v2\/types\/page"}],"author":[{"embeddable":true,"href":"https:\/\/2026.cisai.com.pe\/en\/wp-json\/wp\/v2\/users\/1"}],"replies":[{"embeddable":true,"href":"https:\/\/2026.cisai.com.pe\/en\/wp-json\/wp\/v2\/comments?post=87"}],"version-history":[{"count":7,"href":"https:\/\/2026.cisai.com.pe\/en\/wp-json\/wp\/v2\/pages\/87\/revisions"}],"predecessor-version":[{"id":194,"href":"https:\/\/2026.cisai.com.pe\/en\/wp-json\/wp\/v2\/pages\/87\/revisions\/194"}],"wp:attachment":[{"href":"https:\/\/2026.cisai.com.pe\/en\/wp-json\/wp\/v2\/media?parent=87"}],"curies":[{"name":"wp","href":"https:\/\/api.w.org\/{rel}","templated":true}]}}