{"id":52,"date":"2025-10-28T14:36:16","date_gmt":"2025-10-28T14:36:16","guid":{"rendered":"https:\/\/2026.cisai.com.pe\/services\/"},"modified":"2025-10-28T14:36:16","modified_gmt":"2025-10-28T14:36:16","slug":"services","status":"publish","type":"page","link":"https:\/\/2026.cisai.com.pe\/en\/services\/","title":{"rendered":"Services"},"content":{"rendered":"<h2>Services Offered <\/h2>\n\n\n<p>Discover our services designed to promote development and research in artificial intelligence, ranging from conferences to practical workshops.<\/p>\n\n\n\n\n<p>We offer a selection of lectures that present cutting-edge research and discussions on practical applications of artificial intelligence.<\/p>\n\n\n<p>Our workshops provide hands-on experiences where participants can delve deeper into learning and developing intelligent systems.<\/p>\n\n\n<p>Attend international conferences that bring together leaders in artificial intelligence research and practice from around the world.<\/p>\n\n\n\n\n\n\n\n<h2>Nuestra Propuesta de Valor Distintiva<\/h2>\n<p>Ofrecemos un entorno ideal para el intercambio de ideas y desarrollos en el campo de sistemas inteligentes.<\/p>\n\n\n\n\n\n\n\n\n\n\n\n\n\n<h2>See Our Portfolio<\/h2>\n\n\n<p>A look at some of our featured projects and past collaborations.\n<\/p>\n\n\n\n\n\n\n<p>An example of how we use artificial intelligence to improve education and access to knowledge.<\/p>\n\n\n<p>A system developed to analyze large volumes of data in real time, promoting informed decisions.<\/p>\n\n\n<p>An initiative to facilitate collaboration between researchers and professionals through innovative tools.<\/p>\n\n\n\n\n\n\n\n<h2>Caracter\u00edsticas Destacadas<\/h2>\n\n\n<p>Descubra las innovaciones en el \u00e1mbito de los sistemas inteligentes y c\u00f3mo estas tendencias est\u00e1n configurando el futuro del sector.<\/p>\n\n\n\n\n<p>World-renowned experts will share their knowledge and experience on critical artificial intelligence topics.<\/p>\n\n\n<p>Strategic opportunities to connect with professionals and academics from diverse disciplines.<\/p>\n\n\n<p>Sessions designed to engage participants and promote hands-on learning through interaction.<\/p>","protected":false},"excerpt":{"rendered":"","protected":false},"author":1,"featured_media":0,"parent":0,"menu_order":0,"comment_status":"closed","ping_status":"closed","template":"","meta":{"pagelayer_contact_templates":[],"_pagelayer_content":"","footnotes":""},"class_list":["post-52","page","type-page","status-publish","hentry"],"_links":{"self":[{"href":"https:\/\/2026.cisai.com.pe\/en\/wp-json\/wp\/v2\/pages\/52","targetHints":{"allow":["GET"]}}],"collection":[{"href":"https:\/\/2026.cisai.com.pe\/en\/wp-json\/wp\/v2\/pages"}],"about":[{"href":"https:\/\/2026.cisai.com.pe\/en\/wp-json\/wp\/v2\/types\/page"}],"author":[{"embeddable":true,"href":"https:\/\/2026.cisai.com.pe\/en\/wp-json\/wp\/v2\/users\/1"}],"replies":[{"embeddable":true,"href":"https:\/\/2026.cisai.com.pe\/en\/wp-json\/wp\/v2\/comments?post=52"}],"version-history":[{"count":0,"href":"https:\/\/2026.cisai.com.pe\/en\/wp-json\/wp\/v2\/pages\/52\/revisions"}],"wp:attachment":[{"href":"https:\/\/2026.cisai.com.pe\/en\/wp-json\/wp\/v2\/media?parent=52"}],"curies":[{"name":"wp","href":"https:\/\/api.w.org\/{rel}","templated":true}]}}